{"id":9,"date":"2017-02-15T15:39:57","date_gmt":"2017-02-15T15:39:57","guid":{"rendered":"http:\/\/rulevolution.pt\/?page_id=9"},"modified":"2025-06-30T12:20:13","modified_gmt":"2025-06-30T12:20:13","slug":"sobre","status":"publish","type":"page","link":"https:\/\/axiom.pt\/?page_id=9","title":{"rendered":"Acerca de n\u00f3s"},"content":{"rendered":"<p>A Axiom Metal \u00e9 uma empresa din\u00e2mica e eficiente, especializada na \u00e1rea da soldadura e tubula\u00e7\u00e3o.<br \/>Com uma equipa com anos de experi\u00eancia na organiza\u00e7\u00e3o, fabrica\u00e7\u00e3o e instala\u00e7\u00e3o de tubula\u00e7\u00f5es para transporte de fluidos, nossas equipes de montadores e soldadores est\u00e3o aptas a atender as exig\u00eancias do mercado quanto \u00e0 qualidade, rapidez e know-how, respeitando sempre as normas e normas de seguran\u00e7a.<\/p>\n\n\n<p><\/p>\n","protected":false},"excerpt":{"rendered":"<p>A Axiom Metal \u00e9 uma empresa din\u00e2mica e eficiente, especializada na \u00e1rea da soldadura e tubula\u00e7\u00e3o.Com uma equipa com anos de experi\u00eancia na organiza\u00e7\u00e3o, fabrica\u00e7\u00e3o e instala\u00e7\u00e3o de tubula\u00e7\u00f5es para transporte de fluidos, nossas equipes de montadores e soldadores est\u00e3o aptas a atender as exig\u00eancias do mercado quanto \u00e0 qualidade, rapidez e know-how, respeitando sempre &hellip; <\/p>\n<p class=\"link-more\"><a href=\"https:\/\/axiom.pt\/?page_id=9\" class=\"more-link\">Continuar a ler <span class=\"screen-reader-text\">&#8220;Acerca de n\u00f3s&#8221;<\/span><\/a><\/p>\n","protected":false},"author":1,"featured_media":187,"parent":0,"menu_order":0,"comment_status":"closed","ping_status":"closed","template":"","meta":{"footnotes":""},"class_list":["post-9","page","type-page","status-publish","has-post-thumbnail","hentry"],"yoast_head":"<!-- This site is optimized with the Yoast SEO plugin v27.4 - https:\/\/yoast.com\/product\/yoast-seo-wordpress\/ -->\n<title>Acerca de n\u00f3s - Axiom Metal<\/title>\n<meta name=\"robots\" content=\"noindex, follow, max-snippet:-1, max-image-preview:large, max-video-preview:-1\" \/>\n<meta property=\"og:locale\" content=\"pt_PT\" \/>\n<meta property=\"og:type\" content=\"article\" \/>\n<meta property=\"og:title\" content=\"Acerca de n\u00f3s - Axiom Metal\" \/>\n<meta property=\"og:description\" content=\"A Axiom Metal \u00e9 uma empresa din\u00e2mica e eficiente, especializada na \u00e1rea da soldadura e tubula\u00e7\u00e3o.Com uma equipa com anos de experi\u00eancia na organiza\u00e7\u00e3o, fabrica\u00e7\u00e3o e instala\u00e7\u00e3o de tubula\u00e7\u00f5es para transporte de fluidos, nossas equipes de montadores e soldadores est\u00e3o aptas a atender as exig\u00eancias do mercado quanto \u00e0 qualidade, rapidez e know-how, respeitando sempre &hellip; Continuar a ler &quot;Acerca de n\u00f3s&quot;\" \/>\n<meta property=\"og:url\" content=\"https:\/\/axiom.pt\/?page_id=9\" \/>\n<meta property=\"og:site_name\" content=\"Axiom Metal\" \/>\n<meta property=\"article:modified_time\" content=\"2025-06-30T12:20:13+00:00\" \/>\n<meta property=\"og:image\" content=\"https:\/\/axiom.pt\/wp-content\/uploads\/2021\/11\/tuyauterie-e1636467325396.jpg\" \/>\n\t<meta property=\"og:image:width\" content=\"1920\" \/>\n\t<meta property=\"og:image:height\" content=\"1280\" \/>\n\t<meta property=\"og:image:type\" content=\"image\/jpeg\" \/>\n<meta name=\"twitter:card\" content=\"summary_large_image\" \/>\n<meta name=\"twitter:label1\" content=\"Tempo estimado de leitura\" \/>\n\t<meta name=\"twitter:data1\" content=\"1 minuto\" \/>\n<script type=\"application\/ld+json\" class=\"yoast-schema-graph\">{\"@context\":\"https:\\\/\\\/schema.org\",\"@graph\":[{\"@type\":\"WebPage\",\"@id\":\"https:\\\/\\\/axiom.pt\\\/?page_id=9\",\"url\":\"https:\\\/\\\/axiom.pt\\\/?page_id=9\",\"name\":\"Acerca de n\u00f3s - Axiom Metal\",\"isPartOf\":{\"@id\":\"https:\\\/\\\/axiom.pt\\\/#website\"},\"primaryImageOfPage\":{\"@id\":\"https:\\\/\\\/axiom.pt\\\/?page_id=9#primaryimage\"},\"image\":{\"@id\":\"https:\\\/\\\/axiom.pt\\\/?page_id=9#primaryimage\"},\"thumbnailUrl\":\"https:\\\/\\\/axiom.pt\\\/wp-content\\\/uploads\\\/2021\\\/11\\\/tuyauterie-e1636467325396.jpg\",\"datePublished\":\"2017-02-15T15:39:57+00:00\",\"dateModified\":\"2025-06-30T12:20:13+00:00\",\"breadcrumb\":{\"@id\":\"https:\\\/\\\/axiom.pt\\\/?page_id=9#breadcrumb\"},\"inLanguage\":\"pt-PT\",\"potentialAction\":[{\"@type\":\"ReadAction\",\"target\":[\"https:\\\/\\\/axiom.pt\\\/?page_id=9\"]}]},{\"@type\":\"ImageObject\",\"inLanguage\":\"pt-PT\",\"@id\":\"https:\\\/\\\/axiom.pt\\\/?page_id=9#primaryimage\",\"url\":\"https:\\\/\\\/axiom.pt\\\/wp-content\\\/uploads\\\/2021\\\/11\\\/tuyauterie-e1636467325396.jpg\",\"contentUrl\":\"https:\\\/\\\/axiom.pt\\\/wp-content\\\/uploads\\\/2021\\\/11\\\/tuyauterie-e1636467325396.jpg\",\"width\":1920,\"height\":1280},{\"@type\":\"BreadcrumbList\",\"@id\":\"https:\\\/\\\/axiom.pt\\\/?page_id=9#breadcrumb\",\"itemListElement\":[{\"@type\":\"ListItem\",\"position\":1,\"name\":\"Accueil\",\"item\":\"https:\\\/\\\/axiom.pt\\\/\"},{\"@type\":\"ListItem\",\"position\":2,\"name\":\"Acerca de n\u00f3s\"}]},{\"@type\":\"WebSite\",\"@id\":\"https:\\\/\\\/axiom.pt\\\/#website\",\"url\":\"https:\\\/\\\/axiom.pt\\\/\",\"name\":\"Axiom Metal\",\"description\":\"\",\"publisher\":{\"@id\":\"https:\\\/\\\/axiom.pt\\\/#organization\"},\"potentialAction\":[{\"@type\":\"SearchAction\",\"target\":{\"@type\":\"EntryPoint\",\"urlTemplate\":\"https:\\\/\\\/axiom.pt\\\/?s={search_term_string}\"},\"query-input\":{\"@type\":\"PropertyValueSpecification\",\"valueRequired\":true,\"valueName\":\"search_term_string\"}}],\"inLanguage\":\"pt-PT\"},{\"@type\":\"Organization\",\"@id\":\"https:\\\/\\\/axiom.pt\\\/#organization\",\"name\":\"Axiom Metal\",\"url\":\"https:\\\/\\\/axiom.pt\\\/\",\"logo\":{\"@type\":\"ImageObject\",\"inLanguage\":\"pt-PT\",\"@id\":\"https:\\\/\\\/axiom.pt\\\/#\\\/schema\\\/logo\\\/image\\\/\",\"url\":\"https:\\\/\\\/axiom.pt\\\/wp-content\\\/uploads\\\/2025\\\/12\\\/axiom-1.jpg\",\"contentUrl\":\"https:\\\/\\\/axiom.pt\\\/wp-content\\\/uploads\\\/2025\\\/12\\\/axiom-1.jpg\",\"width\":240,\"height\":240,\"caption\":\"Axiom Metal\"},\"image\":{\"@id\":\"https:\\\/\\\/axiom.pt\\\/#\\\/schema\\\/logo\\\/image\\\/\"}}]}<\/script>\n<!-- \/ Yoast SEO plugin. -->","yoast_head_json":{"title":"Acerca de n\u00f3s - Axiom Metal","robots":{"index":"noindex","follow":"follow","max-snippet":"max-snippet:-1","max-image-preview":"max-image-preview:large","max-video-preview":"max-video-preview:-1"},"og_locale":"pt_PT","og_type":"article","og_title":"Acerca de n\u00f3s - Axiom Metal","og_description":"A Axiom Metal \u00e9 uma empresa din\u00e2mica e eficiente, especializada na \u00e1rea da soldadura e tubula\u00e7\u00e3o.Com uma equipa com anos de experi\u00eancia na organiza\u00e7\u00e3o, fabrica\u00e7\u00e3o e instala\u00e7\u00e3o de tubula\u00e7\u00f5es para transporte de fluidos, nossas equipes de montadores e soldadores est\u00e3o aptas a atender as exig\u00eancias do mercado quanto \u00e0 qualidade, rapidez e know-how, respeitando sempre &hellip; Continuar a ler \"Acerca de n\u00f3s\"","og_url":"https:\/\/axiom.pt\/?page_id=9","og_site_name":"Axiom Metal","article_modified_time":"2025-06-30T12:20:13+00:00","og_image":[{"width":1920,"height":1280,"url":"https:\/\/axiom.pt\/wp-content\/uploads\/2021\/11\/tuyauterie-e1636467325396.jpg","type":"image\/jpeg"}],"twitter_card":"summary_large_image","twitter_misc":{"Tempo estimado de leitura":"1 minuto"},"schema":{"@context":"https:\/\/schema.org","@graph":[{"@type":"WebPage","@id":"https:\/\/axiom.pt\/?page_id=9","url":"https:\/\/axiom.pt\/?page_id=9","name":"Acerca de n\u00f3s - Axiom Metal","isPartOf":{"@id":"https:\/\/axiom.pt\/#website"},"primaryImageOfPage":{"@id":"https:\/\/axiom.pt\/?page_id=9#primaryimage"},"image":{"@id":"https:\/\/axiom.pt\/?page_id=9#primaryimage"},"thumbnailUrl":"https:\/\/axiom.pt\/wp-content\/uploads\/2021\/11\/tuyauterie-e1636467325396.jpg","datePublished":"2017-02-15T15:39:57+00:00","dateModified":"2025-06-30T12:20:13+00:00","breadcrumb":{"@id":"https:\/\/axiom.pt\/?page_id=9#breadcrumb"},"inLanguage":"pt-PT","potentialAction":[{"@type":"ReadAction","target":["https:\/\/axiom.pt\/?page_id=9"]}]},{"@type":"ImageObject","inLanguage":"pt-PT","@id":"https:\/\/axiom.pt\/?page_id=9#primaryimage","url":"https:\/\/axiom.pt\/wp-content\/uploads\/2021\/11\/tuyauterie-e1636467325396.jpg","contentUrl":"https:\/\/axiom.pt\/wp-content\/uploads\/2021\/11\/tuyauterie-e1636467325396.jpg","width":1920,"height":1280},{"@type":"BreadcrumbList","@id":"https:\/\/axiom.pt\/?page_id=9#breadcrumb","itemListElement":[{"@type":"ListItem","position":1,"name":"Accueil","item":"https:\/\/axiom.pt\/"},{"@type":"ListItem","position":2,"name":"Acerca de n\u00f3s"}]},{"@type":"WebSite","@id":"https:\/\/axiom.pt\/#website","url":"https:\/\/axiom.pt\/","name":"Axiom Metal","description":"","publisher":{"@id":"https:\/\/axiom.pt\/#organization"},"potentialAction":[{"@type":"SearchAction","target":{"@type":"EntryPoint","urlTemplate":"https:\/\/axiom.pt\/?s={search_term_string}"},"query-input":{"@type":"PropertyValueSpecification","valueRequired":true,"valueName":"search_term_string"}}],"inLanguage":"pt-PT"},{"@type":"Organization","@id":"https:\/\/axiom.pt\/#organization","name":"Axiom Metal","url":"https:\/\/axiom.pt\/","logo":{"@type":"ImageObject","inLanguage":"pt-PT","@id":"https:\/\/axiom.pt\/#\/schema\/logo\/image\/","url":"https:\/\/axiom.pt\/wp-content\/uploads\/2025\/12\/axiom-1.jpg","contentUrl":"https:\/\/axiom.pt\/wp-content\/uploads\/2025\/12\/axiom-1.jpg","width":240,"height":240,"caption":"Axiom Metal"},"image":{"@id":"https:\/\/axiom.pt\/#\/schema\/logo\/image\/"}}]}},"_links":{"self":[{"href":"https:\/\/axiom.pt\/index.php?rest_route=\/wp\/v2\/pages\/9","targetHints":{"allow":["GET"]}}],"collection":[{"href":"https:\/\/axiom.pt\/index.php?rest_route=\/wp\/v2\/pages"}],"about":[{"href":"https:\/\/axiom.pt\/index.php?rest_route=\/wp\/v2\/types\/page"}],"author":[{"embeddable":true,"href":"https:\/\/axiom.pt\/index.php?rest_route=\/wp\/v2\/users\/1"}],"replies":[{"embeddable":true,"href":"https:\/\/axiom.pt\/index.php?rest_route=%2Fwp%2Fv2%2Fcomments&post=9"}],"version-history":[{"count":9,"href":"https:\/\/axiom.pt\/index.php?rest_route=\/wp\/v2\/pages\/9\/revisions"}],"predecessor-version":[{"id":305,"href":"https:\/\/axiom.pt\/index.php?rest_route=\/wp\/v2\/pages\/9\/revisions\/305"}],"wp:featuredmedia":[{"embeddable":true,"href":"https:\/\/axiom.pt\/index.php?rest_route=\/wp\/v2\/media\/187"}],"wp:attachment":[{"href":"https:\/\/axiom.pt\/index.php?rest_route=%2Fwp%2Fv2%2Fmedia&parent=9"}],"curies":[{"name":"wp","href":"https:\/\/api.w.org\/{rel}","templated":true}]}}