{"id":8,"date":"2017-02-15T15:39:57","date_gmt":"2017-02-15T15:39:57","guid":{"rendered":"http:\/\/rulevolution.pt\/?page_id=8"},"modified":"2025-06-30T12:19:25","modified_gmt":"2025-06-30T12:19:25","slug":"balcony-talents","status":"publish","type":"page","link":"https:\/\/axiom.pt\/","title":{"rendered":""},"content":{"rendered":"<p>Bemvindo \u00e0 Axiom Metal !<\/p>\n<p>A Axiom Metal \u00e9 uma empresa din\u00e2mica e eficiente, especializada na \u00e1rea da soldadura e tubula\u00e7\u00e3o.<\/p>\n\n\n<p><\/p>\n","protected":false},"excerpt":{"rendered":"<p>Bemvindo \u00e0 Axiom Metal ! A Axiom Metal \u00e9 uma empresa din\u00e2mica e eficiente, especializada na \u00e1rea da soldadura e tubula\u00e7\u00e3o.<\/p>\n","protected":false},"author":1,"featured_media":0,"parent":0,"menu_order":0,"comment_status":"closed","ping_status":"closed","template":"","meta":{"footnotes":""},"class_list":["post-8","page","type-page","status-publish","hentry"],"yoast_head":"<!-- This site is optimized with the Yoast SEO plugin v27.4 - https:\/\/yoast.com\/product\/yoast-seo-wordpress\/ -->\n<title>- Axiom Metal<\/title>\n<meta name=\"description\" content=\"Axiom Metal - A Balcony Talents \u00e9 uma empresa din\u00e2mica e eficiente, especializada na \u00e1rea de soldagem e tubula\u00e7\u00e3o.\" \/>\n<meta name=\"robots\" content=\"noindex, follow, max-snippet:-1, max-image-preview:large, max-video-preview:-1\" \/>\n<meta property=\"og:locale\" content=\"pt_PT\" \/>\n<meta property=\"og:type\" content=\"article\" \/>\n<meta property=\"og:title\" content=\"- Axiom Metal\" \/>\n<meta property=\"og:description\" content=\"Axiom Metal - A Balcony Talents \u00e9 uma empresa din\u00e2mica e eficiente, especializada na \u00e1rea de soldagem e tubula\u00e7\u00e3o.\" \/>\n<meta property=\"og:url\" content=\"https:\/\/axiom.pt\/\" \/>\n<meta property=\"og:site_name\" content=\"Axiom Metal\" \/>\n<meta property=\"article:modified_time\" content=\"2025-06-30T12:19:25+00:00\" \/>\n<meta name=\"twitter:card\" content=\"summary_large_image\" \/>\n<meta name=\"twitter:label1\" content=\"Tempo estimado de leitura\" \/>\n\t<meta name=\"twitter:data1\" content=\"1 minuto\" \/>\n<script type=\"application\/ld+json\" class=\"yoast-schema-graph\">{\"@context\":\"https:\\\/\\\/schema.org\",\"@graph\":[{\"@type\":\"WebPage\",\"@id\":\"https:\\\/\\\/axiom.pt\\\/\",\"url\":\"https:\\\/\\\/axiom.pt\\\/\",\"name\":\"- Axiom Metal\",\"isPartOf\":{\"@id\":\"https:\\\/\\\/axiom.pt\\\/#website\"},\"datePublished\":\"2017-02-15T15:39:57+00:00\",\"dateModified\":\"2025-06-30T12:19:25+00:00\",\"description\":\"Axiom Metal - A Balcony Talents \u00e9 uma empresa din\u00e2mica e eficiente, especializada na \u00e1rea de soldagem e tubula\u00e7\u00e3o.\",\"inLanguage\":\"pt-PT\",\"potentialAction\":[{\"@type\":\"ReadAction\",\"target\":[\"https:\\\/\\\/axiom.pt\\\/\"]}]},{\"@type\":\"WebSite\",\"@id\":\"https:\\\/\\\/axiom.pt\\\/#website\",\"url\":\"https:\\\/\\\/axiom.pt\\\/\",\"name\":\"Axiom Metal\",\"description\":\"\",\"publisher\":{\"@id\":\"https:\\\/\\\/axiom.pt\\\/#organization\"},\"potentialAction\":[{\"@type\":\"SearchAction\",\"target\":{\"@type\":\"EntryPoint\",\"urlTemplate\":\"https:\\\/\\\/axiom.pt\\\/?s={search_term_string}\"},\"query-input\":{\"@type\":\"PropertyValueSpecification\",\"valueRequired\":true,\"valueName\":\"search_term_string\"}}],\"inLanguage\":\"pt-PT\"},{\"@type\":\"Organization\",\"@id\":\"https:\\\/\\\/axiom.pt\\\/#organization\",\"name\":\"Axiom Metal\",\"url\":\"https:\\\/\\\/axiom.pt\\\/\",\"logo\":{\"@type\":\"ImageObject\",\"inLanguage\":\"pt-PT\",\"@id\":\"https:\\\/\\\/axiom.pt\\\/#\\\/schema\\\/logo\\\/image\\\/\",\"url\":\"https:\\\/\\\/axiom.pt\\\/wp-content\\\/uploads\\\/2025\\\/12\\\/axiom-1.jpg\",\"contentUrl\":\"https:\\\/\\\/axiom.pt\\\/wp-content\\\/uploads\\\/2025\\\/12\\\/axiom-1.jpg\",\"width\":240,\"height\":240,\"caption\":\"Axiom Metal\"},\"image\":{\"@id\":\"https:\\\/\\\/axiom.pt\\\/#\\\/schema\\\/logo\\\/image\\\/\"}}]}<\/script>\n<!-- \/ Yoast SEO plugin. -->","yoast_head_json":{"title":"- Axiom Metal","description":"Axiom Metal - A Balcony Talents \u00e9 uma empresa din\u00e2mica e eficiente, especializada na \u00e1rea de soldagem e tubula\u00e7\u00e3o.","robots":{"index":"noindex","follow":"follow","max-snippet":"max-snippet:-1","max-image-preview":"max-image-preview:large","max-video-preview":"max-video-preview:-1"},"og_locale":"pt_PT","og_type":"article","og_title":"- Axiom Metal","og_description":"Axiom Metal - A Balcony Talents \u00e9 uma empresa din\u00e2mica e eficiente, especializada na \u00e1rea de soldagem e tubula\u00e7\u00e3o.","og_url":"https:\/\/axiom.pt\/","og_site_name":"Axiom Metal","article_modified_time":"2025-06-30T12:19:25+00:00","twitter_card":"summary_large_image","twitter_misc":{"Tempo estimado de leitura":"1 minuto"},"schema":{"@context":"https:\/\/schema.org","@graph":[{"@type":"WebPage","@id":"https:\/\/axiom.pt\/","url":"https:\/\/axiom.pt\/","name":"- Axiom Metal","isPartOf":{"@id":"https:\/\/axiom.pt\/#website"},"datePublished":"2017-02-15T15:39:57+00:00","dateModified":"2025-06-30T12:19:25+00:00","description":"Axiom Metal - A Balcony Talents \u00e9 uma empresa din\u00e2mica e eficiente, especializada na \u00e1rea de soldagem e tubula\u00e7\u00e3o.","inLanguage":"pt-PT","potentialAction":[{"@type":"ReadAction","target":["https:\/\/axiom.pt\/"]}]},{"@type":"WebSite","@id":"https:\/\/axiom.pt\/#website","url":"https:\/\/axiom.pt\/","name":"Axiom Metal","description":"","publisher":{"@id":"https:\/\/axiom.pt\/#organization"},"potentialAction":[{"@type":"SearchAction","target":{"@type":"EntryPoint","urlTemplate":"https:\/\/axiom.pt\/?s={search_term_string}"},"query-input":{"@type":"PropertyValueSpecification","valueRequired":true,"valueName":"search_term_string"}}],"inLanguage":"pt-PT"},{"@type":"Organization","@id":"https:\/\/axiom.pt\/#organization","name":"Axiom Metal","url":"https:\/\/axiom.pt\/","logo":{"@type":"ImageObject","inLanguage":"pt-PT","@id":"https:\/\/axiom.pt\/#\/schema\/logo\/image\/","url":"https:\/\/axiom.pt\/wp-content\/uploads\/2025\/12\/axiom-1.jpg","contentUrl":"https:\/\/axiom.pt\/wp-content\/uploads\/2025\/12\/axiom-1.jpg","width":240,"height":240,"caption":"Axiom Metal"},"image":{"@id":"https:\/\/axiom.pt\/#\/schema\/logo\/image\/"}}]}},"_links":{"self":[{"href":"https:\/\/axiom.pt\/index.php?rest_route=\/wp\/v2\/pages\/8","targetHints":{"allow":["GET"]}}],"collection":[{"href":"https:\/\/axiom.pt\/index.php?rest_route=\/wp\/v2\/pages"}],"about":[{"href":"https:\/\/axiom.pt\/index.php?rest_route=\/wp\/v2\/types\/page"}],"author":[{"embeddable":true,"href":"https:\/\/axiom.pt\/index.php?rest_route=\/wp\/v2\/users\/1"}],"replies":[{"embeddable":true,"href":"https:\/\/axiom.pt\/index.php?rest_route=%2Fwp%2Fv2%2Fcomments&post=8"}],"version-history":[{"count":16,"href":"https:\/\/axiom.pt\/index.php?rest_route=\/wp\/v2\/pages\/8\/revisions"}],"predecessor-version":[{"id":304,"href":"https:\/\/axiom.pt\/index.php?rest_route=\/wp\/v2\/pages\/8\/revisions\/304"}],"wp:attachment":[{"href":"https:\/\/axiom.pt\/index.php?rest_route=%2Fwp%2Fv2%2Fmedia&parent=8"}],"curies":[{"name":"wp","href":"https:\/\/api.w.org\/{rel}","templated":true}]}}